{"id":264,"date":"2017-12-19T13:42:23","date_gmt":"2017-12-19T13:42:23","guid":{"rendered":"http:\/\/illegaltimes.org\/?page_id=264"},"modified":"2017-12-22T12:39:43","modified_gmt":"2017-12-22T12:39:43","slug":"distribucio","status":"publish","type":"page","link":"https:\/\/illegaltimes.org\/es\/distribucio\/","title":{"rendered":"Distribuci\u00f3"},"content":{"rendered":"<p>Hem repartit 10.000 Illegal Times per tot el territori catal\u00e0. Aquests s\u00f3n alguns dels punts de distribuci\u00f3 on, si teniu sort, encara podeu trobar-ne exemplars!<\/p>\n<p>Afanyeu-vos, que volen!<\/p>\n<h3>Barcelona<\/h3>\n<h4>Centre<\/h4>\n<ul>\n<li>Espai Contrabandos (Carrer de la Junta de Comer\u00e7, 20)<\/li>\n<li>La Bonne Maison (Esgotats!)<\/li>\n<li>Col\u00b7lectiu Ronda<\/li>\n<\/ul>\n<h4>Clot<\/h4>\n<ul>\n<li>La Farinera del Clot<\/li>\n<li>Centre C\u00edvic Navas<\/li>\n<\/ul>\n<h4>Horta \/ Guinard\u00f3<\/h4>\n<ul>\n<li>Casal de Joves Girapells<\/li>\n<li>Cooperativa Cultural Rocaguinarda<\/li>\n<\/ul>\n<h4>Gr\u00e0cia<\/h4>\n<ul>\n<li>La Violeta<\/li>\n<li>La Torna<\/li>\n<li>Els Llu\u00efsos de Gr\u00e0cia<\/li>\n<li>Espai Jove La Fontana<\/li>\n<\/ul>\n<h3>Santa Coloma de Gramenet<\/h3>\n<ul>\n<li>Capfoguer cooperativa<\/li>\n<li>Llibreria Carrer Major<\/li>\n<\/ul>\n<h3>Vall\u00e8s Oriental<\/h3>\n<ul>\n<li>UAB<\/li>\n<li>Vilanova (@ateneuvilanovi)<\/li>\n<\/ul>\n<h3>Garraf<\/h3>\n<h4>Ribes<\/h4>\n<ul>\n<li>Entitat Cultural Ger<\/li>\n<li>Espai Xulius<\/li>\n<\/ul>\n<h3>Osona<\/h3>\n<ul>\n<li>Vic\n<ul>\n<li>Cooperativa Dies d&#8217;Agost (Espai VIT del Sucre)<\/li>\n<li>La Muntanya Llibres<\/li>\n<li>Biblioteca Joan Triad\u00fa<\/li>\n<li>La Ny\u00e0mera<\/li>\n<li>Caf\u00e8 de\u00a0l&#8217;Orfe\u00f3<\/li>\n<li>Espai ETC<\/li>\n<\/ul>\n<\/li>\n<\/ul>\n<h3>Terres Gironines<\/h3>\n<ul>\n<li>Sta Coloma de Farners<\/li>\n<li>Empordanet<\/li>\n<li>Romany\u00e0<\/li>\n<li>Cor\u00e7\u00e0<\/li>\n<li>Blanes<\/li>\n<li>Girona-Salt<\/li>\n<li>Sant feliu<\/li>\n<li>Arb\u00facies<\/li>\n<li>Garrotxa<\/li>\n<li>Fornells<\/li>\n<li>Bred<\/li>\n<li>Riudellots de la selva<\/li>\n<li>Ma\u00e7anet de la Selva<\/li>\n<li>Caldes de Malavella<\/li>\n<li>Pals<\/li>\n<li>Manol<\/li>\n<li>Sant Roc<\/li>\n<li>Lloret<\/li>\n<li>L&#8217;Escala<\/li>\n<\/ul>\n<h3>Tarragona<\/h3>\n<ul>\n<li>Universitat Rovira i Virgili<\/li>\n<li>Casal Popular Sageta de Foc (Tarragona)<\/li>\n<li>Casal Popular la Bretxa d&#8217;Alcover<\/li>\n<li>Casal Popular la Turba de Valls<\/li>\n<li>Casal La barraca, del Pla de Santa Maria<\/li>\n<li>Ateneu Popular l&#8217;Empelt, de Montblanc<\/li>\n<li>Local social de Picamoixons<\/li>\n<li>Vimbod\u00ed<\/li>\n<li>Reus<\/li>\n<\/ul>\n<h3>Lleida<\/h3>\n<p>(Pr\u00f2ximament)<\/p>","protected":false},"excerpt":{"rendered":"<p>Hem repartit 10.000 Illegal Times per tot el territori catal\u00e0. Aquests s\u00f3n alguns dels punts de distribuci\u00f3 on, si teniu sort, encara podeu trobar-ne exemplars! Afanyeu-vos, que volen! Barcelona Centre Espai Contrabandos (Carrer de la Junta de Comer\u00e7, 20) La Bonne Maison (Esgotats!) Col\u00b7lectiu Ronda Clot La Farinera del Clot Centre C\u00edvic Navas Horta \/<a class=\"excerpt-read-more\" href=\"https:\/\/illegaltimes.org\/es\/distribucio\/\" title=\"ReadDistribuci\u00f3\">&#8230; Read more &raquo;<\/a><\/p>\n","protected":false},"author":3,"featured_media":0,"parent":0,"menu_order":0,"comment_status":"closed","ping_status":"closed","template":"","meta":{"_acf_changed":false,"footnotes":""},"class_list":["post-264","page","type-page","status-publish","hentry"],"acf":[],"_links":{"self":[{"href":"https:\/\/illegaltimes.org\/es\/wp-json\/wp\/v2\/pages\/264","targetHints":{"allow":["GET"]}}],"collection":[{"href":"https:\/\/illegaltimes.org\/es\/wp-json\/wp\/v2\/pages"}],"about":[{"href":"https:\/\/illegaltimes.org\/es\/wp-json\/wp\/v2\/types\/page"}],"author":[{"embeddable":true,"href":"https:\/\/illegaltimes.org\/es\/wp-json\/wp\/v2\/users\/3"}],"replies":[{"embeddable":true,"href":"https:\/\/illegaltimes.org\/es\/wp-json\/wp\/v2\/comments?post=264"}],"version-history":[{"count":14,"href":"https:\/\/illegaltimes.org\/es\/wp-json\/wp\/v2\/pages\/264\/revisions"}],"predecessor-version":[{"id":290,"href":"https:\/\/illegaltimes.org\/es\/wp-json\/wp\/v2\/pages\/264\/revisions\/290"}],"wp:attachment":[{"href":"https:\/\/illegaltimes.org\/es\/wp-json\/wp\/v2\/media?parent=264"}],"curies":[{"name":"wp","href":"https:\/\/api.w.org\/{rel}","templated":true}]}}