{"id":246,"date":"2017-12-18T10:39:02","date_gmt":"2017-12-18T10:39:02","guid":{"rendered":"http:\/\/illegaltimes.org\/?page_id=246"},"modified":"2018-01-04T11:10:42","modified_gmt":"2018-01-04T11:10:42","slug":"premsa","status":"publish","type":"page","link":"https:\/\/illegaltimes.org\/fr\/premsa\/","title":{"rendered":"Presse"},"content":{"rendered":"<p>Extra, extra ! Les m\u00e9dias parlent d\u2019Illegal Times:<\/p>\n<p><strong>Radio<\/strong><\/p>\n<ul>\n<li><a href=\"http:\/\/www.ccma.cat\/catradio\/alacarta\/estat-de-gracia\/es-presenta-la-publicacio-satirica-illegal-times\/audio\/985590\/\">Programme \u00ab\u00a0Estat de Gr\u00e0cia\u00a0\u00bb Catalunya R\u00e0dio.<\/a><\/li>\n<li>Programme\u00a0<a href=\"http:\/\/www.ccma.cat\/catradio\/alacarta\/el-mati-de-catalunya-radio\/el-mati-de-catalunya-radio-de-09-a-10-h-20122017\/audio\/985790\/\">El mat\u00ed de Catalunya R\u00e0dio (<\/a><a href=\"http:\/\/www.ccma.cat\/catradio\/alacarta\/el-mati-de-catalunya-radio\/el-mati-de-catalunya-radio-de-09-a-10-h-20122017\/audio\/985790\/\">Minute 37&prime; 35\u00a0\u00bb)<\/a><\/li>\n<li>Programme <a href=\"http:\/\/m.rfi.fr\/emission\/20171221-catalogne-elections-presse-satirique\">\u00ab\u00a0Accents d&rsquo;Europe\u00a0\u00bb RFI, Fran\u00e7a. (Minute 3&prime; 45\u00a0\u00bb)<\/a><\/li>\n<\/ul>\n<p><strong><span lang=\"FR\">T\u00e9l\u00e9vision<\/span><\/strong><\/p>\n<ul>\n<li><a href=\"http:\/\/www.ccma.cat\/tv3\/alacarta\/telenoticies-vespre\/telenoticies-vespre-18122017\/video\/5710121\/\">Journal du soir \u00ab\u00a0TN Vespre\u00a0\u00bb TV3 (Minut 23&prime; 55\u00a0\u00bb)<\/a><\/li>\n<\/ul>\n<p><strong><span lang=\"FR\">Presse en ligne<\/span><\/strong><\/p>\n<ul>\n<li><a href=\"http:\/\/www.lavanguardia.com\/vida\/20171218\/433742429442\/una-vintena-de-dibuixants-denuncien-la-vulneracio-de-la-llibertat-dexpressio-a-catalunya-a-la-publicacio-illegal-times.html\">La Vanguardia<\/a><\/li>\n<li><a href=\"https:\/\/www.ara.cat\/eleccions21d\/Illegal-Times-vinyetistes-denuncien-publicacio_0_1926407432.html\">Diari ARA<\/a><\/li>\n<li><a href=\"http:\/\/www.elperiodico.com\/es\/ocio-y-cultura\/20171218\/illegal-times-crisis-catalana-convertida-en-satira-6503027\">El Peri\u00f3dico<\/a><\/li>\n<li><a href=\"https:\/\/www.vilaweb.cat\/noticies\/dibuixants-de-tot-el-mon-denuncien-les-politiques-repressives-espanyoles-en-la-publicacio-satirica-illegal-times\/\">Vilaweb<\/a><\/li>\n<li><a href=\"http:\/\/www.elpuntavui.cat\/politica\/article\/17-politica\/1305387-plomes-per-la-llibertat.html\">El Punt<\/a><\/li>\n<li><a href=\"https:\/\/www.elnacional.cat\/ca\/cultura-idees-arts\/il-legal-times-humoristes-drets_222450_102.html\">El Nacional<\/a><\/li>\n<li><a href=\"https:\/\/directa.cat\/actualitat\/illegal-times-cooperativisme-lhumor-grafic-uneixen-forces-en-defensa-dels-drets\">La Directa<\/a><\/li>\n<li><a href=\"http:\/\/www.publico.es\/public\/satira-d-arreu-mon-repressio-l-estat.html\">P\u00fablic<\/a><\/li>\n<li><a href=\"http:\/\/www.catorze.cat\/noticia\/8393\/no\/prendran\/dignitat\">Catorze<\/a><\/li>\n<li><a href=\"https:\/\/www.nuvol.com\/noticies\/illegal-times-o-la-denuncia-en-una-vinyeta\/\">N\u00favol<\/a><\/li>\n<li><a href=\"http:\/\/www.naiz.eus\/eu\/actualidad\/noticia\/20171218\/illegal-times-que-el-humor-no-decaiga-en-catalunya\">Naiz<\/a><\/li>\n<li><a href=\"https:\/\/comunicacio21.cat\/noticies-comunicacio21\/125247-illegal-times-una-publicacio-satirica-per-denunciar-les-politiques-de-l-estat\">Comunicaci\u00f3 21<\/a><\/li>\n<li><a href=\"http:\/\/www.directe.cat\/noticia\/696920\/dibuixants-d-arreu-del-mon-illustren-la-repressio-de-l-estat-contra-catalunya-a-illegal-ti\">Directe.cat<\/a><\/li>\n<li><a href=\"http:\/\/www.elsetembre.cat\/noticia\/380\/vintena\/dibuixants\/satirics\/arreu\/mon\/denuncien\/politiques\/repressives\/estat\/espanyol\/publicacio\">Setembre<\/a><\/li>\n<li><a href=\"http:\/\/arainfo.org\/il%C2%B7legal-times-una-revista-satirica-que-denuncia-la-represion-del-estado-espanol-en-catalunya\/\">Ara Info (Diario Libre de Arag\u00f3n)<\/a><\/li>\n<li><a href=\"http:\/\/www.catalannews.com\/culture\/item\/cartoonists-condemn-violation-of-freedom-of-expression-in-catalonia\">Catalan News (ACN)<\/a><\/li>\n<li><a href=\"http:\/\/malarrassa.cat\/2017\/12\/21\/illegals-times-una-revista-per-denunciar-les-politiques-repressives-de-lestat-espanyol-amb-mes-de-20-dibuixants-darreu-del-mon\/\">Malarrassa<\/a><\/li>\n<\/ul>\n<p><strong><span lang=\"FR\">M\u00e9dias sp\u00e9cialis\u00e9s<\/span><\/strong><\/p>\n<ul>\n<li><a href=\"https:\/\/mashumor.wordpress.com\/2017\/12\/18\/en-defensa-de-la-libertad-de-expresion-sale-illegal-times\/\">MasHumor<\/a><\/li>\n<li><a href=\"http:\/\/www.comicat.cat\/2017\/12\/sha-presentat-illegal-times-una.html\">Comicat<\/a><\/li>\n<\/ul>\n<p>&nbsp;<\/p>","protected":false},"excerpt":{"rendered":"<p>Extra, extra ! Les m\u00e9dias parlent d\u2019Illegal Times: Radio Programme \u00ab\u00a0Estat de Gr\u00e0cia\u00a0\u00bb Catalunya R\u00e0dio. Programme\u00a0El mat\u00ed de Catalunya R\u00e0dio (Minute 37&prime; 35\u00a0\u00bb) Programme \u00ab\u00a0Accents d&rsquo;Europe\u00a0\u00bb RFI, Fran\u00e7a. (Minute 3&prime; 45\u00a0\u00bb) T\u00e9l\u00e9vision Journal du soir \u00ab\u00a0TN Vespre\u00a0\u00bb TV3 (Minut 23&prime; 55\u00a0\u00bb) Presse en ligne La Vanguardia Diari ARA El Peri\u00f3dico Vilaweb El Punt El Nacional<a class=\"excerpt-read-more\" href=\"https:\/\/illegaltimes.org\/fr\/premsa\/\" title=\"ReadPresse\">&#8230; Read more &raquo;<\/a><\/p>\n","protected":false},"author":3,"featured_media":0,"parent":0,"menu_order":0,"comment_status":"closed","ping_status":"closed","template":"","meta":{"_acf_changed":false,"footnotes":""},"class_list":["post-246","page","type-page","status-publish","hentry"],"acf":[],"_links":{"self":[{"href":"https:\/\/illegaltimes.org\/fr\/wp-json\/wp\/v2\/pages\/246","targetHints":{"allow":["GET"]}}],"collection":[{"href":"https:\/\/illegaltimes.org\/fr\/wp-json\/wp\/v2\/pages"}],"about":[{"href":"https:\/\/illegaltimes.org\/fr\/wp-json\/wp\/v2\/types\/page"}],"author":[{"embeddable":true,"href":"https:\/\/illegaltimes.org\/fr\/wp-json\/wp\/v2\/users\/3"}],"replies":[{"embeddable":true,"href":"https:\/\/illegaltimes.org\/fr\/wp-json\/wp\/v2\/comments?post=246"}],"version-history":[{"count":13,"href":"https:\/\/illegaltimes.org\/fr\/wp-json\/wp\/v2\/pages\/246\/revisions"}],"predecessor-version":[{"id":297,"href":"https:\/\/illegaltimes.org\/fr\/wp-json\/wp\/v2\/pages\/246\/revisions\/297"}],"wp:attachment":[{"href":"https:\/\/illegaltimes.org\/fr\/wp-json\/wp\/v2\/media?parent=246"}],"curies":[{"name":"wp","href":"https:\/\/api.w.org\/{rel}","templated":true}]}}