{"id":256,"date":"2017-12-19T11:17:36","date_gmt":"2017-12-19T11:17:36","guid":{"rendered":"http:\/\/illegaltimes.org\/?page_id=256"},"modified":"2017-12-26T23:12:30","modified_gmt":"2017-12-26T23:12:30","slug":"manifest","status":"publish","type":"page","link":"https:\/\/illegaltimes.org\/fr\/manifest\/","title":{"rendered":"Manifeste"},"content":{"rendered":"<p>Balles en caoutchouc, coups de matraques et d\u00e9g\u00e2ts mat\u00e9riels. La brutalit\u00e9 polici\u00e8re s&rsquo;est d\u00e9cha\u00een\u00e9e le 1er octobre dernier en Catalogne pour emp\u00eacher que les citoyens puissent voter lors du r\u00e9f\u00e9rendum d&rsquo;auto-d\u00e9termination, un droit pourtant reconnu internationalement et que tous les \u00c9tats des Nations Unies sont oblig\u00e9s d&rsquo;adopter. Mais une telle brutalit\u00e9 n&rsquo;a pas annul\u00e9 le vote pour autant. Gr\u00e2ce \u00e0 la fermet\u00e9 et \u00e0 la r\u00e9sistance de milliers d&rsquo;anonymes, pas moins de 2 286 217 de citoyens (soit 43,03 % de l&rsquo;\u00e9lectorat) ont finalement pu voter. Sans compter les votes d\u00e9pos\u00e9s dans les urnes confisqu\u00e9es par les forces de l&rsquo;ordre de l&rsquo;\u00c9tat espagnol (Policia Nacional) et de Catalogne (Mossos d&rsquo;Esquadra).<\/p>\n<p>Le monde entier a pu voir la violence f\u00e9roce de la police d\u00e9barquant dans les bureaux de vote pour confisquer les urnes, laissant derri\u00e8re elle plus de mille bless\u00e9s (dont un citoyen ayant perdu la vision d&rsquo;un \u0153il). Ces images ont r\u00e9v\u00e9l\u00e9 la nature autoritaire d&rsquo;un \u00c9tat espagnol qui continue \u00e0 violer les droits humains les plus \u00e9l\u00e9mentaires, comme la libert\u00e9 d&rsquo;expression.<br \/>\nMais les atteintes aux droits d\u00e9mocratiques de la part de l&rsquo;\u00c9tat espagnol n&rsquo;ont pas d\u00e9marr\u00e9 le 1er octobre et n&rsquo;en sont pas non plus rest\u00e9es l\u00e0. Le Parlement catalan et le gouvernement de la Catalogne, \u00e9lus d\u00e9mocratiquement par les citoyens catalans le 27 septembre 2015, a \u00e9t\u00e9 dissous. Apr\u00e8s une intervention \u00e9conomique de la r\u00e9gion d\u00e9j\u00e0 effective depuis des mois, l&rsquo;autonomie de la Catalogne a \u00e9t\u00e9 mise sous tutelle. Deux activistes non-violents de la soci\u00e9t\u00e9 civile et dix membres du gouvernement catalan ont \u00e9t\u00e9 accus\u00e9s puis incarc\u00e9r\u00e9s de fa\u00e7on pr\u00e9ventive, tandis que le reste du gouvernement partait en exil. Et la censure, encore une fois : fermeture d&rsquo;une centaine de sites Internet, harc\u00e8lement contre certains m\u00e9dias, accusation d\u2019utilisateurs de Twitter, d\u2019enseignants, de dessinateurs et d\u2019acteurs.<\/p>\n<p>Cette publication est une r\u00e9action plurielle et courageuse face aux attaques contre les droits collectifs et individuels que nous vivons en ce moment, notamment contre la libert\u00e9 d&rsquo;expression. Car notre meilleure arme est la plume : celle de plus de vingt dessinateurs satiriques du monde entier, travaillant pour la plupart dans des journaux de renomm\u00e9e internationale, et celle d\u2019une quinzaine d&rsquo;activit\u00e9s sociaux et culturels, qui y ont particip\u00e9.<\/p>\n<p>Ensemble, \u00e9levons la voix pour dire non \u00e0 la r\u00e9pression. Ni en Catalogne, ni nulle part ailleurs.<\/p>","protected":false},"excerpt":{"rendered":"<p>Balles en caoutchouc, coups de matraques et d\u00e9g\u00e2ts mat\u00e9riels. La brutalit\u00e9 polici\u00e8re s&rsquo;est d\u00e9cha\u00een\u00e9e le 1er octobre dernier en Catalogne pour emp\u00eacher que les citoyens puissent voter lors du r\u00e9f\u00e9rendum d&rsquo;auto-d\u00e9termination, un droit pourtant reconnu internationalement et que tous les \u00c9tats des Nations Unies sont oblig\u00e9s d&rsquo;adopter. Mais une telle brutalit\u00e9 n&rsquo;a pas annul\u00e9 le<a class=\"excerpt-read-more\" href=\"https:\/\/illegaltimes.org\/fr\/manifest\/\" title=\"ReadManifeste\">&#8230; Read more &raquo;<\/a><\/p>\n","protected":false},"author":3,"featured_media":0,"parent":0,"menu_order":0,"comment_status":"closed","ping_status":"closed","template":"","meta":{"_acf_changed":false,"footnotes":""},"class_list":["post-256","page","type-page","status-publish","hentry"],"acf":[],"_links":{"self":[{"href":"https:\/\/illegaltimes.org\/fr\/wp-json\/wp\/v2\/pages\/256","targetHints":{"allow":["GET"]}}],"collection":[{"href":"https:\/\/illegaltimes.org\/fr\/wp-json\/wp\/v2\/pages"}],"about":[{"href":"https:\/\/illegaltimes.org\/fr\/wp-json\/wp\/v2\/types\/page"}],"author":[{"embeddable":true,"href":"https:\/\/illegaltimes.org\/fr\/wp-json\/wp\/v2\/users\/3"}],"replies":[{"embeddable":true,"href":"https:\/\/illegaltimes.org\/fr\/wp-json\/wp\/v2\/comments?post=256"}],"version-history":[{"count":4,"href":"https:\/\/illegaltimes.org\/fr\/wp-json\/wp\/v2\/pages\/256\/revisions"}],"predecessor-version":[{"id":295,"href":"https:\/\/illegaltimes.org\/fr\/wp-json\/wp\/v2\/pages\/256\/revisions\/295"}],"wp:attachment":[{"href":"https:\/\/illegaltimes.org\/fr\/wp-json\/wp\/v2\/media?parent=256"}],"curies":[{"name":"wp","href":"https:\/\/api.w.org\/{rel}","templated":true}]}}